{"id":2002,"date":"2023-07-03T15:15:56","date_gmt":"2023-07-03T13:15:56","guid":{"rendered":"https:\/\/jimkeydev.com\/birthday-party-hen-party-stag-party-at-lock-academy-escape-room\/"},"modified":"2026-02-23T13:23:40","modified_gmt":"2026-02-23T12:23:40","slug":"offers-birthday-stag-hen-bachelorette-party-escape-paris-game","status":"publish","type":"page","link":"https:\/\/lockacademy.com\/en\/offers-birthday-stag-hen-bachelorette-party-escape-paris-game\/","title":{"rendered":"Birthday party \/ Hen party \/ Stag party at Lock Academy Escape Room"},"content":{"rendered":"\t\t<div data-elementor-type=\"wp-page\" data-elementor-id=\"2002\" class=\"elementor elementor-2002 elementor-350\" data-elementor-post-type=\"page\">\n\t\t\t\t\t\t<section class=\"elementor-section elementor-top-section elementor-element elementor-element-a60aa8d elementor-section-height-min-height elementor-section-items-stretch elementor-section-content-bottom elementor-section-full_width elementor-section-height-default\" data-id=\"a60aa8d\" data-element_type=\"section\" data-e-type=\"section\" data-settings=\"{&quot;jet_parallax_layout_list&quot;:[],&quot;background_background&quot;:&quot;classic&quot;,&quot;background_motion_fx_motion_fx_scrolling&quot;:&quot;yes&quot;,&quot;background_motion_fx_translateY_effect&quot;:&quot;yes&quot;,&quot;background_motion_fx_translateY_direction&quot;:&quot;negative&quot;,&quot;background_motion_fx_translateY_speed&quot;:{&quot;unit&quot;:&quot;px&quot;,&quot;size&quot;:5,&quot;sizes&quot;:[]},&quot;motion_fx_motion_fx_scrolling&quot;:&quot;yes&quot;,&quot;background_motion_fx_translateY_affectedRange&quot;:{&quot;unit&quot;:&quot;%&quot;,&quot;size&quot;:&quot;&quot;,&quot;sizes&quot;:{&quot;start&quot;:0,&quot;end&quot;:100}},&quot;background_motion_fx_devices&quot;:[&quot;desktop&quot;,&quot;tablet&quot;,&quot;mobile&quot;],&quot;motion_fx_devices&quot;:[&quot;desktop&quot;,&quot;tablet&quot;,&quot;mobile&quot;]}\">\n\t\t\t\t\t\t<div class=\"elementor-container elementor-column-gap-default\">\n\t\t\t\t\t<div class=\"elementor-column elementor-col-100 elementor-top-column elementor-element elementor-element-d7c60bf\" data-id=\"d7c60bf\" data-element_type=\"column\" data-e-type=\"column\">\n\t\t\t<div class=\"elementor-widget-wrap\">\n\t\t\t\t\t\t\t<\/div>\n\t\t<\/div>\n\t\t\t\t\t<\/div>\n\t\t<\/section>\n\t\t\t\t<section class=\"elementor-section elementor-top-section elementor-element elementor-element-0c8b1ca elementor-section-content-middle elementor-section-boxed elementor-section-height-default elementor-section-height-default\" data-id=\"0c8b1ca\" data-element_type=\"section\" data-e-type=\"section\" data-settings=\"{&quot;background_background&quot;:&quot;classic&quot;,&quot;jet_parallax_layout_list&quot;:[]}\">\n\t\t\t\t\t\t<div class=\"elementor-container elementor-column-gap-default\">\n\t\t\t\t\t<div class=\"elementor-column elementor-col-100 elementor-top-column elementor-element elementor-element-2bc3298\" data-id=\"2bc3298\" data-element_type=\"column\" data-e-type=\"column\">\n\t\t\t<div class=\"elementor-widget-wrap elementor-element-populated\">\n\t\t\t\t\t\t<div class=\"elementor-element elementor-element-1500526 elementor-widget elementor-widget-menu-anchor\" data-id=\"1500526\" data-element_type=\"widget\" data-e-type=\"widget\" data-widget_type=\"menu-anchor.default\">\n\t\t\t\t<div class=\"elementor-widget-container\">\n\t\t\t\t\t\t\t<div class=\"elementor-menu-anchor\" id=\"top\"><\/div>\n\t\t\t\t\t\t<\/div>\n\t\t\t\t<\/div>\n\t\t\t\t<section class=\"elementor-section elementor-inner-section elementor-element elementor-element-76a0e09 elementor-section-content-middle elementor-section-boxed elementor-section-height-default elementor-section-height-default\" data-id=\"76a0e09\" data-element_type=\"section\" data-e-type=\"section\" data-settings=\"{&quot;jet_parallax_layout_list&quot;:[]}\">\n\t\t\t\t\t\t<div class=\"elementor-container elementor-column-gap-default\">\n\t\t\t\t\t<div class=\"elementor-column elementor-col-33 elementor-inner-column elementor-element elementor-element-be4ae1b elementor-hidden-mobile elementor-hidden-tablet\" data-id=\"be4ae1b\" data-element_type=\"column\" data-e-type=\"column\">\n\t\t\t<div class=\"elementor-widget-wrap elementor-element-populated\">\n\t\t\t\t\t\t<div class=\"elementor-element elementor-element-10cbc3b elementor-widget elementor-widget-image\" data-id=\"10cbc3b\" data-element_type=\"widget\" data-e-type=\"widget\" data-widget_type=\"image.default\">\n\t\t\t\t<div class=\"elementor-widget-container\">\n\t\t\t\t\t\t\t\t\t\t\t\t\t\t\t<img decoding=\"async\" width=\"173\" height=\"54\" src=\"https:\/\/lockacademy.com\/wp-content\/uploads\/artdeco-titre-g32x.png\" class=\"attachment-full size-full wp-image-1897\" alt=\"artdeco titre G3@2x\" \/>\t\t\t\t\t\t\t\t\t\t\t\t\t\t\t<\/div>\n\t\t\t\t<\/div>\n\t\t\t\t\t<\/div>\n\t\t<\/div>\n\t\t\t\t<div class=\"elementor-column elementor-col-33 elementor-inner-column elementor-element elementor-element-f03c5ab elementor-invisible\" data-id=\"f03c5ab\" data-element_type=\"column\" data-e-type=\"column\" data-settings=\"{&quot;animation&quot;:&quot;fadeInUp&quot;}\">\n\t\t\t<div class=\"elementor-widget-wrap elementor-element-populated\">\n\t\t\t\t\t\t<div class=\"elementor-element elementor-element-2fdfb99 elementor-invisible elementor-widget elementor-widget-heading\" data-id=\"2fdfb99\" data-element_type=\"widget\" data-e-type=\"widget\" data-settings=\"{&quot;_animation&quot;:&quot;fadeInDown&quot;,&quot;_animation_mobile&quot;:&quot;none&quot;}\" data-widget_type=\"heading.default\">\n\t\t\t\t<div class=\"elementor-widget-container\">\n\t\t\t\t\t<h1 class=\"elementor-heading-title elementor-size-default\">CELEBRATE YOUR BIRTHDAY, STAG, HEN, BACHELOR(ETTE) PARTY AT LOCK ACADEMY - ESCAPE ROOM PARIS<\/h1>\t\t\t\t<\/div>\n\t\t\t\t<\/div>\n\t\t\t\t\t<\/div>\n\t\t<\/div>\n\t\t\t\t<div class=\"elementor-column elementor-col-33 elementor-inner-column elementor-element elementor-element-9a9f728 elementor-hidden-mobile elementor-hidden-tablet\" data-id=\"9a9f728\" data-element_type=\"column\" data-e-type=\"column\">\n\t\t\t<div class=\"elementor-widget-wrap elementor-element-populated\">\n\t\t\t\t\t\t<div class=\"elementor-element elementor-element-5fbd75d elementor-widget elementor-widget-image\" data-id=\"5fbd75d\" data-element_type=\"widget\" data-e-type=\"widget\" data-widget_type=\"image.default\">\n\t\t\t\t<div class=\"elementor-widget-container\">\n\t\t\t\t\t\t\t\t\t\t\t\t\t\t\t<img decoding=\"async\" width=\"173\" height=\"55\" src=\"https:\/\/lockacademy.com\/wp-content\/uploads\/artdeco-titre-d32x.png\" class=\"attachment-large size-large wp-image-1896\" alt=\"artdeco titre D3@2x\" \/>\t\t\t\t\t\t\t\t\t\t\t\t\t\t\t<\/div>\n\t\t\t\t<\/div>\n\t\t\t\t\t<\/div>\n\t\t<\/div>\n\t\t\t\t\t<\/div>\n\t\t<\/section>\n\t\t\t\t\t<\/div>\n\t\t<\/div>\n\t\t\t\t\t<\/div>\n\t\t<\/section>\n\t\t\t\t<section class=\"elementor-section elementor-top-section elementor-element elementor-element-6ddbb341 faq1 elementor-section-boxed elementor-section-height-default elementor-section-height-default\" data-id=\"6ddbb341\" data-element_type=\"section\" data-e-type=\"section\" data-settings=\"{&quot;jet_parallax_layout_list&quot;:[],&quot;background_background&quot;:&quot;gradient&quot;}\">\n\t\t\t\t\t\t\t<div class=\"elementor-background-overlay\"><\/div>\n\t\t\t\t\t\t\t<div class=\"elementor-container elementor-column-gap-default\">\n\t\t\t\t\t<div class=\"elementor-column elementor-col-100 elementor-top-column elementor-element elementor-element-40afd22\" data-id=\"40afd22\" data-element_type=\"column\" data-e-type=\"column\">\n\t\t\t<div class=\"elementor-widget-wrap elementor-element-populated\">\n\t\t\t\t\t\t<section class=\"elementor-section elementor-inner-section elementor-element elementor-element-eebd50b elementor-section-boxed elementor-section-height-default elementor-section-height-default\" data-id=\"eebd50b\" data-element_type=\"section\" data-e-type=\"section\" data-settings=\"{&quot;jet_parallax_layout_list&quot;:[]}\">\n\t\t\t\t\t\t<div class=\"elementor-container elementor-column-gap-default\">\n\t\t\t\t\t<div class=\"elementor-column elementor-col-100 elementor-inner-column elementor-element elementor-element-e964dce\" data-id=\"e964dce\" data-element_type=\"column\" data-e-type=\"column\">\n\t\t\t<div class=\"elementor-widget-wrap elementor-element-populated\">\n\t\t\t\t\t\t<div class=\"elementor-element elementor-element-bf804d7 elementor-widget elementor-widget-heading\" data-id=\"bf804d7\" data-element_type=\"widget\" data-e-type=\"widget\" data-widget_type=\"heading.default\">\n\t\t\t\t<div class=\"elementor-widget-container\">\n\t\t\t\t\t<h2 class=\"elementor-heading-title elementor-size-default\">Want to male your visit to Lock Academy even more memorable ?<\/h2>\t\t\t\t<\/div>\n\t\t\t\t<\/div>\n\t\t\t\t<div class=\"elementor-element elementor-element-fd5e975 elementor-widget elementor-widget-heading\" data-id=\"fd5e975\" data-element_type=\"widget\" data-e-type=\"widget\" data-widget_type=\"heading.default\">\n\t\t\t\t<div class=\"elementor-widget-container\">\n\t\t\t\t\t<h2 class=\"elementor-heading-title elementor-size-default\">Take advantage of our premium offers designed for your escape game outing in Paris!<\/h2>\t\t\t\t<\/div>\n\t\t\t\t<\/div>\n\t\t\t\t\t<\/div>\n\t\t<\/div>\n\t\t\t\t\t<\/div>\n\t\t<\/section>\n\t\t\t\t<div class=\"elementor-element elementor-element-cc9260a elementor-widget elementor-widget-text-editor\" data-id=\"cc9260a\" data-element_type=\"widget\" data-e-type=\"widget\" data-widget_type=\"text-editor.default\">\n\t\t\t\t<div class=\"elementor-widget-container\">\n\t\t\t\t\t\t\t\t\t<p>For an unforgettable <a href=\"https:\/\/lockacademy.com\/en\/escape-game-paris\/\">room escape<\/a> or <a href=\"https:\/\/lockacademy.com\/en\/mystery\/operation-mindfall-treasure-hunt\/\">treasure hunt in Paris<\/a>, our <strong><em>VIP Detectives<\/em> offer<\/strong> is the perfect choice if you\u2019re celebrating a birthday, <a href=\"https:\/\/lockacademy.com\/escape-game-famille-enfants-paris\/\">family escape game<\/a>, stag or hen party. Une exp\u00e9rience compl\u00e9mentaire avant de jouer ; pour une activit\u00e9 telle qu&#8217;une partie d&#8217;Escape Game<\/p>\t\t\t\t\t\t\t\t<\/div>\n\t\t\t\t<\/div>\n\t\t\t\t<section class=\"elementor-section elementor-inner-section elementor-element elementor-element-19a5eee elementor-section-boxed elementor-section-height-default elementor-section-height-default\" data-id=\"19a5eee\" data-element_type=\"section\" data-e-type=\"section\" data-settings=\"{&quot;jet_parallax_layout_list&quot;:[]}\">\n\t\t\t\t\t\t<div class=\"elementor-container elementor-column-gap-default\">\n\t\t\t\t\t<div class=\"elementor-column elementor-col-50 elementor-inner-column elementor-element elementor-element-2c13e88\" data-id=\"2c13e88\" data-element_type=\"column\" data-e-type=\"column\" data-settings=\"{&quot;background_background&quot;:&quot;classic&quot;}\">\n\t\t\t<div class=\"elementor-widget-wrap elementor-element-populated\">\n\t\t\t\t\t\t<div class=\"elementor-element elementor-element-39e2338 elementor-widget elementor-widget-heading\" data-id=\"39e2338\" data-element_type=\"widget\" data-e-type=\"widget\" data-widget_type=\"heading.default\">\n\t\t\t\t<div class=\"elementor-widget-container\">\n\t\t\t\t\t<h2 class=\"elementor-heading-title elementor-size-default\">VIP DETECTIVES OFFER<\/h2>\t\t\t\t<\/div>\n\t\t\t\t<\/div>\n\t\t\t\t<div class=\"elementor-element elementor-element-f84723a elementor-widget elementor-widget-heading\" data-id=\"f84723a\" data-element_type=\"widget\" data-e-type=\"widget\" data-widget_type=\"heading.default\">\n\t\t\t\t<div class=\"elementor-widget-container\">\n\t\t\t\t\t<p class=\"elementor-heading-title elementor-size-default\">(from \u20ac30 inc.VAT in addition to your gaming session)<\/p>\t\t\t\t<\/div>\n\t\t\t\t<\/div>\n\t\t\t\t<div class=\"elementor-element elementor-element-6ee2f76 texte-gras-rouge elementor-widget elementor-widget-text-editor\" data-id=\"6ee2f76\" data-element_type=\"widget\" data-e-type=\"widget\" data-widget_type=\"text-editor.default\">\n\t\t\t\t<div class=\"elementor-widget-container\">\n\t\t\t\t\t\t\t\t\t<ol><li>A personal welcome (feel free to provide us in advance with the name of the person celebrating, for a personal touch!)<\/li><li>One <strong>welcome<\/strong><strong> drink<\/strong> per participant (coffee, soft drinks, orange juice)<\/li><li>Unlimited <strong>sweets and candies<\/strong>!\u00a0<\/li><li>At least one <strong>cookie<\/strong> per participant (from La Fabrique &#8211; Cookies)<\/li><li><strong>Your team photo, printed<\/strong> in HD quality for all and sent by email<\/li><li>A Lock Academy <strong>membership card<\/strong> for every participant<\/li><\/ol><p><em>Ideal for a child&#8217;s or adult&#8217;s birthday.<\/em><\/p>\t\t\t\t\t\t\t\t<\/div>\n\t\t\t\t<\/div>\n\t\t\t\t\t<\/div>\n\t\t<\/div>\n\t\t\t\t<div class=\"elementor-column elementor-col-50 elementor-inner-column elementor-element elementor-element-5457b58\" data-id=\"5457b58\" data-element_type=\"column\" data-e-type=\"column\">\n\t\t\t<div class=\"elementor-widget-wrap elementor-element-populated\">\n\t\t\t\t\t\t<div class=\"elementor-element elementor-element-3c48845 elementor-widget elementor-widget-image\" data-id=\"3c48845\" data-element_type=\"widget\" data-e-type=\"widget\" data-widget_type=\"image.default\">\n\t\t\t\t<div class=\"elementor-widget-container\">\n\t\t\t\t\t\t\t\t\t\t\t\t\t\t\t<img fetchpriority=\"high\" decoding=\"async\" width=\"500\" height=\"706\" src=\"https:\/\/lockacademy.com\/wp-content\/uploads\/packvip-siteweb2.jpg\" class=\"attachment-large size-large wp-image-158699\" alt=\"Lock Academy - Escape Game Paris - Birthday - Cookies\" srcset=\"https:\/\/lockacademy.com\/wp-content\/uploads\/packvip-siteweb2.jpg 500w, https:\/\/lockacademy.com\/wp-content\/uploads\/packvip-siteweb2-212x300.jpg 212w\" sizes=\"(max-width: 500px) 100vw, 500px\" \/>\t\t\t\t\t\t\t\t\t\t\t\t\t\t\t<\/div>\n\t\t\t\t<\/div>\n\t\t\t\t\t<\/div>\n\t\t<\/div>\n\t\t\t\t\t<\/div>\n\t\t<\/section>\n\t\t\t\t<div class=\"elementor-element elementor-element-de1850f elementor-widget elementor-widget-text-editor\" data-id=\"de1850f\" data-element_type=\"widget\" data-e-type=\"widget\" data-widget_type=\"text-editor.default\">\n\t\t\t\t<div class=\"elementor-widget-container\">\n\t\t\t\t\t\t\t\t\t<p>Interested in our VIP Detectives offer? <strong>Add this premium offer<\/strong> when booking your room Escape Game, <strong>during step 2 of your order process.<\/strong><\/p>\n\t\t\t\t\t\t\t\t<\/div>\n\t\t\t\t<\/div>\n\t\t\t\t<div class=\"elementor-element elementor-element-ded2692 elementor-align-center elementor-mobile-align-justify bouton-dore elementor-widget elementor-widget-button\" data-id=\"ded2692\" data-element_type=\"widget\" data-e-type=\"widget\" data-widget_type=\"button.default\">\n\t\t\t\t<div class=\"elementor-widget-container\">\n\t\t\t\t\t\t\t\t\t<div class=\"elementor-button-wrapper\">\n\t\t\t\t\t<a class=\"elementor-button elementor-button-link elementor-size-md\" href=\"https:\/\/lockacademy.com\/en\/booking\/\">\n\t\t\t\t\t\t<span class=\"elementor-button-content-wrapper\">\n\t\t\t\t\t\t\t\t\t<span class=\"elementor-button-text\">BOOK YOUR ESCAPE GAME<\/span>\n\t\t\t\t\t<\/span>\n\t\t\t\t\t<\/a>\n\t\t\t\t<\/div>\n\t\t\t\t\t\t\t\t<\/div>\n\t\t\t\t<\/div>\n\t\t\t\t\t<\/div>\n\t\t<\/div>\n\t\t\t\t\t<\/div>\n\t\t<\/section>\n\t\t\t\t<\/div>\n\t\t","protected":false},"excerpt":{"rendered":"<p>CELEBRATE YOUR BIRTHDAY, STAG, HEN, BACHELOR(ETTE) PARTY AT LOCK ACADEMY &#8211; ESCAPE ROOM PARIS Want to male your visit to Lock Academy even more memorable ? Take advantage of our premium offers designed for your escape game outing in Paris! For an unforgettable room escape or treasure hunt in Paris, our VIP Detectives offer is [&hellip;]<\/p>\n","protected":false},"author":2,"featured_media":0,"parent":0,"menu_order":0,"comment_status":"closed","ping_status":"closed","template":"elementor_header_footer","meta":{"footnotes":""},"class_list":["post-2002","page","type-page","status-publish","hentry"],"yoast_head":"<!-- This site is optimized with the Yoast SEO plugin v27.2 - https:\/\/yoast.com\/product\/yoast-seo-wordpress\/ -->\n<title>Birthday \/ EVG \/ EVJF escape game Paris<\/title>\n<meta name=\"description\" content=\"For a memorable escape room or treasure hunt in Paris, our VIP Detectives package is the perfect choice if you&#039;re celebrating a birthday or anniversary.\" \/>\n<meta name=\"robots\" content=\"index, follow, max-snippet:-1, max-image-preview:large, max-video-preview:-1\" \/>\n<link rel=\"canonical\" href=\"https:\/\/lockacademy.com\/en\/offers-birthday-stag-hen-bachelorette-party-escape-paris-game\/\" \/>\n<meta property=\"og:locale\" content=\"en_US\" \/>\n<meta property=\"og:type\" content=\"article\" \/>\n<meta property=\"og:title\" content=\"Birthday \/ EVG \/ EVJF escape game Paris\" \/>\n<meta property=\"og:description\" content=\"For a memorable escape room or treasure hunt in Paris, our VIP Detectives package is the perfect choice if you&#039;re celebrating a birthday or anniversary.\" \/>\n<meta property=\"og:url\" content=\"https:\/\/lockacademy.com\/en\/offers-birthday-stag-hen-bachelorette-party-escape-paris-game\/\" \/>\n<meta property=\"og:site_name\" content=\"Lock Academy\" \/>\n<meta property=\"article:publisher\" content=\"https:\/\/www.facebook.com\/ProfesseurLock\/\" \/>\n<meta property=\"article:modified_time\" content=\"2026-02-23T12:23:40+00:00\" \/>\n<meta property=\"og:image\" content=\"https:\/\/lockacademy.com\/wp-content\/uploads\/artdeco-titre-g32x.png\" \/>\n\t<meta property=\"og:image:width\" content=\"173\" \/>\n\t<meta property=\"og:image:height\" content=\"54\" \/>\n\t<meta property=\"og:image:type\" content=\"image\/png\" \/>\n<meta name=\"twitter:card\" content=\"summary_large_image\" \/>\n<meta name=\"twitter:site\" content=\"@professeurlock\" \/>\n<meta name=\"twitter:label1\" content=\"Est. reading time\" \/>\n\t<meta name=\"twitter:data1\" content=\"2 minutes\" \/>\n<script type=\"application\/ld+json\" class=\"yoast-schema-graph\">{\"@context\":\"https:\/\/schema.org\",\"@graph\":[{\"@type\":\"WebPage\",\"@id\":\"https:\/\/lockacademy.com\/en\/offers-birthday-stag-hen-bachelorette-party-escape-paris-game\/\",\"url\":\"https:\/\/lockacademy.com\/en\/offers-birthday-stag-hen-bachelorette-party-escape-paris-game\/\",\"name\":\"Birthday \/ EVG \/ EVJF escape game Paris\",\"isPartOf\":{\"@id\":\"https:\/\/lockacademy.com\/en\/#website\"},\"primaryImageOfPage\":{\"@id\":\"https:\/\/lockacademy.com\/en\/offers-birthday-stag-hen-bachelorette-party-escape-paris-game\/#primaryimage\"},\"image\":{\"@id\":\"https:\/\/lockacademy.com\/en\/offers-birthday-stag-hen-bachelorette-party-escape-paris-game\/#primaryimage\"},\"thumbnailUrl\":\"https:\/\/lockacademy.com\/wp-content\/uploads\/artdeco-titre-g32x.png\",\"datePublished\":\"2023-07-03T13:15:56+00:00\",\"dateModified\":\"2026-02-23T12:23:40+00:00\",\"description\":\"For a memorable escape room or treasure hunt in Paris, our VIP Detectives package is the perfect choice if you're celebrating a birthday or anniversary.\",\"breadcrumb\":{\"@id\":\"https:\/\/lockacademy.com\/en\/offers-birthday-stag-hen-bachelorette-party-escape-paris-game\/#breadcrumb\"},\"inLanguage\":\"en-US\",\"potentialAction\":[{\"@type\":\"ReadAction\",\"target\":[\"https:\/\/lockacademy.com\/en\/offers-birthday-stag-hen-bachelorette-party-escape-paris-game\/\"]}]},{\"@type\":\"ImageObject\",\"inLanguage\":\"en-US\",\"@id\":\"https:\/\/lockacademy.com\/en\/offers-birthday-stag-hen-bachelorette-party-escape-paris-game\/#primaryimage\",\"url\":\"https:\/\/lockacademy.com\/wp-content\/uploads\/artdeco-titre-g32x.png\",\"contentUrl\":\"https:\/\/lockacademy.com\/wp-content\/uploads\/artdeco-titre-g32x.png\"},{\"@type\":\"BreadcrumbList\",\"@id\":\"https:\/\/lockacademy.com\/en\/offers-birthday-stag-hen-bachelorette-party-escape-paris-game\/#breadcrumb\",\"itemListElement\":[{\"@type\":\"ListItem\",\"position\":1,\"name\":\"Accueil\",\"item\":\"https:\/\/lockacademy.com\/en\/\"},{\"@type\":\"ListItem\",\"position\":2,\"name\":\"Birthday party \/ Hen party \/ Stag party at Lock Academy Escape Room\"}]},{\"@type\":\"WebSite\",\"@id\":\"https:\/\/lockacademy.com\/en\/#website\",\"url\":\"https:\/\/lockacademy.com\/en\/\",\"name\":\"Lock Academy\",\"description\":\"Escape Game Paris\",\"publisher\":{\"@id\":\"https:\/\/lockacademy.com\/en\/#organization\"},\"potentialAction\":[{\"@type\":\"SearchAction\",\"target\":{\"@type\":\"EntryPoint\",\"urlTemplate\":\"https:\/\/lockacademy.com\/en\/?s={search_term_string}\"},\"query-input\":{\"@type\":\"PropertyValueSpecification\",\"valueRequired\":true,\"valueName\":\"search_term_string\"}}],\"inLanguage\":\"en-US\"},{\"@type\":\"Organization\",\"@id\":\"https:\/\/lockacademy.com\/en\/#organization\",\"name\":\"Lock Academy\",\"url\":\"https:\/\/lockacademy.com\/en\/\",\"logo\":{\"@type\":\"ImageObject\",\"inLanguage\":\"en-US\",\"@id\":\"https:\/\/lockacademy.com\/en\/#\/schema\/logo\/image\/\",\"url\":\"https:\/\/lockacademy.com\/wp-content\/uploads\/lock-academy-escape-game-paris-accueil-logo-hero-horizontal-650.webp\",\"contentUrl\":\"https:\/\/lockacademy.com\/wp-content\/uploads\/lock-academy-escape-game-paris-accueil-logo-hero-horizontal-650.webp\",\"width\":650,\"height\":159,\"caption\":\"Lock Academy\"},\"image\":{\"@id\":\"https:\/\/lockacademy.com\/en\/#\/schema\/logo\/image\/\"},\"sameAs\":[\"https:\/\/www.facebook.com\/ProfesseurLock\/\",\"https:\/\/x.com\/professeurlock\"]}]}<\/script>\n<!-- \/ Yoast SEO plugin. -->","yoast_head_json":{"title":"Birthday \/ EVG \/ EVJF escape game Paris","description":"For a memorable escape room or treasure hunt in Paris, our VIP Detectives package is the perfect choice if you're celebrating a birthday or anniversary.","robots":{"index":"index","follow":"follow","max-snippet":"max-snippet:-1","max-image-preview":"max-image-preview:large","max-video-preview":"max-video-preview:-1"},"canonical":"https:\/\/lockacademy.com\/en\/offers-birthday-stag-hen-bachelorette-party-escape-paris-game\/","og_locale":"en_US","og_type":"article","og_title":"Birthday \/ EVG \/ EVJF escape game Paris","og_description":"For a memorable escape room or treasure hunt in Paris, our VIP Detectives package is the perfect choice if you're celebrating a birthday or anniversary.","og_url":"https:\/\/lockacademy.com\/en\/offers-birthday-stag-hen-bachelorette-party-escape-paris-game\/","og_site_name":"Lock Academy","article_publisher":"https:\/\/www.facebook.com\/ProfesseurLock\/","article_modified_time":"2026-02-23T12:23:40+00:00","og_image":[{"width":173,"height":54,"url":"https:\/\/lockacademy.com\/wp-content\/uploads\/artdeco-titre-g32x.png","type":"image\/png"}],"twitter_card":"summary_large_image","twitter_site":"@professeurlock","twitter_misc":{"Est. reading time":"2 minutes"},"schema":{"@context":"https:\/\/schema.org","@graph":[{"@type":"WebPage","@id":"https:\/\/lockacademy.com\/en\/offers-birthday-stag-hen-bachelorette-party-escape-paris-game\/","url":"https:\/\/lockacademy.com\/en\/offers-birthday-stag-hen-bachelorette-party-escape-paris-game\/","name":"Birthday \/ EVG \/ EVJF escape game Paris","isPartOf":{"@id":"https:\/\/lockacademy.com\/en\/#website"},"primaryImageOfPage":{"@id":"https:\/\/lockacademy.com\/en\/offers-birthday-stag-hen-bachelorette-party-escape-paris-game\/#primaryimage"},"image":{"@id":"https:\/\/lockacademy.com\/en\/offers-birthday-stag-hen-bachelorette-party-escape-paris-game\/#primaryimage"},"thumbnailUrl":"https:\/\/lockacademy.com\/wp-content\/uploads\/artdeco-titre-g32x.png","datePublished":"2023-07-03T13:15:56+00:00","dateModified":"2026-02-23T12:23:40+00:00","description":"For a memorable escape room or treasure hunt in Paris, our VIP Detectives package is the perfect choice if you're celebrating a birthday or anniversary.","breadcrumb":{"@id":"https:\/\/lockacademy.com\/en\/offers-birthday-stag-hen-bachelorette-party-escape-paris-game\/#breadcrumb"},"inLanguage":"en-US","potentialAction":[{"@type":"ReadAction","target":["https:\/\/lockacademy.com\/en\/offers-birthday-stag-hen-bachelorette-party-escape-paris-game\/"]}]},{"@type":"ImageObject","inLanguage":"en-US","@id":"https:\/\/lockacademy.com\/en\/offers-birthday-stag-hen-bachelorette-party-escape-paris-game\/#primaryimage","url":"https:\/\/lockacademy.com\/wp-content\/uploads\/artdeco-titre-g32x.png","contentUrl":"https:\/\/lockacademy.com\/wp-content\/uploads\/artdeco-titre-g32x.png"},{"@type":"BreadcrumbList","@id":"https:\/\/lockacademy.com\/en\/offers-birthday-stag-hen-bachelorette-party-escape-paris-game\/#breadcrumb","itemListElement":[{"@type":"ListItem","position":1,"name":"Accueil","item":"https:\/\/lockacademy.com\/en\/"},{"@type":"ListItem","position":2,"name":"Birthday party \/ Hen party \/ Stag party at Lock Academy Escape Room"}]},{"@type":"WebSite","@id":"https:\/\/lockacademy.com\/en\/#website","url":"https:\/\/lockacademy.com\/en\/","name":"Lock Academy","description":"Escape Game Paris","publisher":{"@id":"https:\/\/lockacademy.com\/en\/#organization"},"potentialAction":[{"@type":"SearchAction","target":{"@type":"EntryPoint","urlTemplate":"https:\/\/lockacademy.com\/en\/?s={search_term_string}"},"query-input":{"@type":"PropertyValueSpecification","valueRequired":true,"valueName":"search_term_string"}}],"inLanguage":"en-US"},{"@type":"Organization","@id":"https:\/\/lockacademy.com\/en\/#organization","name":"Lock Academy","url":"https:\/\/lockacademy.com\/en\/","logo":{"@type":"ImageObject","inLanguage":"en-US","@id":"https:\/\/lockacademy.com\/en\/#\/schema\/logo\/image\/","url":"https:\/\/lockacademy.com\/wp-content\/uploads\/lock-academy-escape-game-paris-accueil-logo-hero-horizontal-650.webp","contentUrl":"https:\/\/lockacademy.com\/wp-content\/uploads\/lock-academy-escape-game-paris-accueil-logo-hero-horizontal-650.webp","width":650,"height":159,"caption":"Lock Academy"},"image":{"@id":"https:\/\/lockacademy.com\/en\/#\/schema\/logo\/image\/"},"sameAs":["https:\/\/www.facebook.com\/ProfesseurLock\/","https:\/\/x.com\/professeurlock"]}]}},"_links":{"self":[{"href":"https:\/\/lockacademy.com\/en\/wp-json\/wp\/v2\/pages\/2002","targetHints":{"allow":["GET"]}}],"collection":[{"href":"https:\/\/lockacademy.com\/en\/wp-json\/wp\/v2\/pages"}],"about":[{"href":"https:\/\/lockacademy.com\/en\/wp-json\/wp\/v2\/types\/page"}],"author":[{"embeddable":true,"href":"https:\/\/lockacademy.com\/en\/wp-json\/wp\/v2\/users\/2"}],"replies":[{"embeddable":true,"href":"https:\/\/lockacademy.com\/en\/wp-json\/wp\/v2\/comments?post=2002"}],"version-history":[{"count":17,"href":"https:\/\/lockacademy.com\/en\/wp-json\/wp\/v2\/pages\/2002\/revisions"}],"predecessor-version":[{"id":170665,"href":"https:\/\/lockacademy.com\/en\/wp-json\/wp\/v2\/pages\/2002\/revisions\/170665"}],"wp:attachment":[{"href":"https:\/\/lockacademy.com\/en\/wp-json\/wp\/v2\/media?parent=2002"}],"curies":[{"name":"wp","href":"https:\/\/api.w.org\/{rel}","templated":true}]}}